{"id":7013,"date":"2017-10-31T19:11:37","date_gmt":"2017-11-01T01:11:37","guid":{"rendered":"http:\/\/mandira-spa.com\/Home\/?post_type=product&#038;p=7013"},"modified":"2022-06-02T10:57:52","modified_gmt":"2022-06-02T16:57:52","slug":"masaje-relajante-60-min","status":"publish","type":"product","link":"https:\/\/mandira-spa.com\/Home\/producto\/masaje-relajante-60-min\/","title":{"rendered":"Masaje relajante 60 min"},"content":{"rendered":"<div id=\"attachment_7014\" style=\"width: 310px\" class=\"wp-caption alignnone\"><img loading=\"lazy\" decoding=\"async\" aria-describedby=\"caption-attachment-7014\" class=\"wp-image-7014 size-medium\" title=\"Mandira Spa\" src=\"https:\/\/mandira-spa.com\/Home\/wp-content\/uploads\/2017\/10\/shutterstock_128560190-300x225.jpg\" alt=\"Mandira Spa\" width=\"300\" height=\"225\" srcset=\"https:\/\/mandira-spa.com\/Home\/wp-content\/uploads\/2017\/10\/shutterstock_128560190-300x225.jpg 300w, https:\/\/mandira-spa.com\/Home\/wp-content\/uploads\/2017\/10\/shutterstock_128560190-600x450.jpg 600w, https:\/\/mandira-spa.com\/Home\/wp-content\/uploads\/2017\/10\/shutterstock_128560190-768x576.jpg 768w, https:\/\/mandira-spa.com\/Home\/wp-content\/uploads\/2017\/10\/shutterstock_128560190-1024x768.jpg 1024w, https:\/\/mandira-spa.com\/Home\/wp-content\/uploads\/2017\/10\/shutterstock_128560190.jpg 1083w\" sizes=\"auto, (max-width: 300px) 100vw, 300px\" \/><p id=\"caption-attachment-7014\" class=\"wp-caption-text\">Mandira Spa<\/p><\/div>\n","protected":false},"excerpt":{"rendered":"<p>Masaje con movimientos lentos y suaves, acompa\u00f1ados de\u00a0 presi\u00f3n\u00a0 suave a media. Su objetivo es disminuir el estr\u00e9s, proporciona relajaci\u00f3n muscular y con ello un descanso inmediato.<\/p>\n","protected":false},"featured_media":7014,"template":"","meta":[],"product_brand":[],"product_cat":[74,77],"product_tag":[],"class_list":{"0":"post-7013","1":"product","2":"type-product","3":"status-publish","4":"has-post-thumbnail","6":"product_cat-certificado","7":"product_cat-masaje","9":"first","10":"instock","11":"shipping-taxable","12":"purchasable","13":"product-type-simple"},"yoast_head":"<!-- This site is optimized with the Yoast SEO plugin v27.3 - https:\/\/yoast.com\/product\/yoast-seo-wordpress\/ -->\n<title>Mandira Spa - Masaje Relajante proporciona relajaci\u00f3n muscular<\/title>\n<meta name=\"description\" content=\"Masaje con movimientos lentos y suaves, acompa\u00f1ados de presi\u00f3n suave a media. Su objetivo es disminuir el estr\u00e9s, proporciona relajaci\u00f3n muscular y con ello un descanso inmediato.\" \/>\n<meta name=\"robots\" content=\"index, follow, max-snippet:-1, max-image-preview:large, max-video-preview:-1\" \/>\n<link rel=\"canonical\" href=\"https:\/\/mandira-spa.com\/Home\/producto\/masaje-relajante-60-min\/\" \/>\n<meta property=\"og:locale\" content=\"es_MX\" \/>\n<meta property=\"og:type\" content=\"article\" \/>\n<meta property=\"og:title\" content=\"Mandira Spa - Masaje Relajante proporciona relajaci\u00f3n muscular\" \/>\n<meta property=\"og:description\" content=\"Masaje con movimientos lentos y suaves, acompa\u00f1ados de presi\u00f3n suave a media. Su objetivo es disminuir el estr\u00e9s, proporciona relajaci\u00f3n muscular y con ello un descanso inmediato.\" \/>\n<meta property=\"og:url\" content=\"https:\/\/mandira-spa.com\/Home\/producto\/masaje-relajante-60-min\/\" \/>\n<meta property=\"og:site_name\" content=\"Mandira Spa\" \/>\n<meta property=\"article:publisher\" content=\"https:\/\/www.facebook.com\/MandiraSpa1\/\" \/>\n<meta property=\"article:modified_time\" content=\"2022-06-02T16:57:52+00:00\" \/>\n<meta property=\"og:image\" content=\"https:\/\/mandira-spa.com\/Home\/wp-content\/uploads\/2017\/10\/shutterstock_128560190.jpg\" \/>\n\t<meta property=\"og:image:width\" content=\"1083\" \/>\n\t<meta property=\"og:image:height\" content=\"812\" \/>\n\t<meta property=\"og:image:type\" content=\"image\/jpeg\" \/>\n<meta name=\"twitter:card\" content=\"summary_large_image\" \/>\n<meta name=\"twitter:site\" content=\"@MandiraSpa\" \/>\n<script type=\"application\/ld+json\" class=\"yoast-schema-graph\">{\"@context\":\"https:\\\/\\\/schema.org\",\"@graph\":[{\"@type\":\"WebPage\",\"@id\":\"https:\\\/\\\/mandira-spa.com\\\/Home\\\/producto\\\/masaje-relajante-60-min\\\/\",\"url\":\"https:\\\/\\\/mandira-spa.com\\\/Home\\\/producto\\\/masaje-relajante-60-min\\\/\",\"name\":\"Mandira Spa - Masaje Relajante proporciona relajaci\u00f3n muscular\",\"isPartOf\":{\"@id\":\"https:\\\/\\\/mandira-spa.com\\\/Home\\\/#website\"},\"primaryImageOfPage\":{\"@id\":\"https:\\\/\\\/mandira-spa.com\\\/Home\\\/producto\\\/masaje-relajante-60-min\\\/#primaryimage\"},\"image\":{\"@id\":\"https:\\\/\\\/mandira-spa.com\\\/Home\\\/producto\\\/masaje-relajante-60-min\\\/#primaryimage\"},\"thumbnailUrl\":\"https:\\\/\\\/mandira-spa.com\\\/Home\\\/wp-content\\\/uploads\\\/2017\\\/10\\\/shutterstock_128560190.jpg\",\"datePublished\":\"2017-11-01T01:11:37+00:00\",\"dateModified\":\"2022-06-02T16:57:52+00:00\",\"description\":\"Masaje con movimientos lentos y suaves, acompa\u00f1ados de presi\u00f3n suave a media. Su objetivo es disminuir el estr\u00e9s, proporciona relajaci\u00f3n muscular y con ello un descanso inmediato.\",\"breadcrumb\":{\"@id\":\"https:\\\/\\\/mandira-spa.com\\\/Home\\\/producto\\\/masaje-relajante-60-min\\\/#breadcrumb\"},\"inLanguage\":\"es\",\"potentialAction\":[{\"@type\":\"ReadAction\",\"target\":[\"https:\\\/\\\/mandira-spa.com\\\/Home\\\/producto\\\/masaje-relajante-60-min\\\/\"]}]},{\"@type\":\"ImageObject\",\"inLanguage\":\"es\",\"@id\":\"https:\\\/\\\/mandira-spa.com\\\/Home\\\/producto\\\/masaje-relajante-60-min\\\/#primaryimage\",\"url\":\"https:\\\/\\\/mandira-spa.com\\\/Home\\\/wp-content\\\/uploads\\\/2017\\\/10\\\/shutterstock_128560190.jpg\",\"contentUrl\":\"https:\\\/\\\/mandira-spa.com\\\/Home\\\/wp-content\\\/uploads\\\/2017\\\/10\\\/shutterstock_128560190.jpg\",\"width\":1083,\"height\":812,\"caption\":\"Mandira Spa\"},{\"@type\":\"BreadcrumbList\",\"@id\":\"https:\\\/\\\/mandira-spa.com\\\/Home\\\/producto\\\/masaje-relajante-60-min\\\/#breadcrumb\",\"itemListElement\":[{\"@type\":\"ListItem\",\"position\":1,\"name\":\"Inicio\",\"item\":\"https:\\\/\\\/mandira-spa.com\\\/Home\\\/\"},{\"@type\":\"ListItem\",\"position\":2,\"name\":\"Tienda\",\"item\":\"https:\\\/\\\/mandira-spa.com\\\/Home\\\/tienda\\\/\"},{\"@type\":\"ListItem\",\"position\":3,\"name\":\"Masaje relajante 60 min\"}]},{\"@type\":\"WebSite\",\"@id\":\"https:\\\/\\\/mandira-spa.com\\\/Home\\\/#website\",\"url\":\"https:\\\/\\\/mandira-spa.com\\\/Home\\\/\",\"name\":\"Mandira Spa\",\"description\":\"Abre la puerta al equilibro, descubre tus sentidos.\",\"publisher\":{\"@id\":\"https:\\\/\\\/mandira-spa.com\\\/Home\\\/#organization\"},\"potentialAction\":[{\"@type\":\"SearchAction\",\"target\":{\"@type\":\"EntryPoint\",\"urlTemplate\":\"https:\\\/\\\/mandira-spa.com\\\/Home\\\/?s={search_term_string}\"},\"query-input\":{\"@type\":\"PropertyValueSpecification\",\"valueRequired\":true,\"valueName\":\"search_term_string\"}}],\"inLanguage\":\"es\"},{\"@type\":\"Organization\",\"@id\":\"https:\\\/\\\/mandira-spa.com\\\/Home\\\/#organization\",\"name\":\"Mandira Spa\",\"url\":\"https:\\\/\\\/mandira-spa.com\\\/Home\\\/\",\"logo\":{\"@type\":\"ImageObject\",\"inLanguage\":\"es\",\"@id\":\"https:\\\/\\\/mandira-spa.com\\\/Home\\\/#\\\/schema\\\/logo\\\/image\\\/\",\"url\":\"https:\\\/\\\/mandira-spa.com\\\/Home\\\/wp-content\\\/uploads\\\/2017\\\/04\\\/android-desktop.png\",\"contentUrl\":\"https:\\\/\\\/mandira-spa.com\\\/Home\\\/wp-content\\\/uploads\\\/2017\\\/04\\\/android-desktop.png\",\"width\":412,\"height\":353,\"caption\":\"Mandira Spa\"},\"image\":{\"@id\":\"https:\\\/\\\/mandira-spa.com\\\/Home\\\/#\\\/schema\\\/logo\\\/image\\\/\"},\"sameAs\":[\"https:\\\/\\\/www.facebook.com\\\/MandiraSpa1\\\/\",\"https:\\\/\\\/x.com\\\/MandiraSpa\",\"https:\\\/\\\/www.instagram.com\\\/mandiraspa\\\/\"]}]}<\/script>\n<!-- \/ Yoast SEO plugin. -->","yoast_head_json":{"title":"Mandira Spa - Masaje Relajante proporciona relajaci\u00f3n muscular","description":"Masaje con movimientos lentos y suaves, acompa\u00f1ados de presi\u00f3n suave a media. Su objetivo es disminuir el estr\u00e9s, proporciona relajaci\u00f3n muscular y con ello un descanso inmediato.","robots":{"index":"index","follow":"follow","max-snippet":"max-snippet:-1","max-image-preview":"max-image-preview:large","max-video-preview":"max-video-preview:-1"},"canonical":"https:\/\/mandira-spa.com\/Home\/producto\/masaje-relajante-60-min\/","og_locale":"es_MX","og_type":"article","og_title":"Mandira Spa - Masaje Relajante proporciona relajaci\u00f3n muscular","og_description":"Masaje con movimientos lentos y suaves, acompa\u00f1ados de presi\u00f3n suave a media. Su objetivo es disminuir el estr\u00e9s, proporciona relajaci\u00f3n muscular y con ello un descanso inmediato.","og_url":"https:\/\/mandira-spa.com\/Home\/producto\/masaje-relajante-60-min\/","og_site_name":"Mandira Spa","article_publisher":"https:\/\/www.facebook.com\/MandiraSpa1\/","article_modified_time":"2022-06-02T16:57:52+00:00","og_image":[{"width":1083,"height":812,"url":"https:\/\/mandira-spa.com\/Home\/wp-content\/uploads\/2017\/10\/shutterstock_128560190.jpg","type":"image\/jpeg"}],"twitter_card":"summary_large_image","twitter_site":"@MandiraSpa","schema":{"@context":"https:\/\/schema.org","@graph":[{"@type":"WebPage","@id":"https:\/\/mandira-spa.com\/Home\/producto\/masaje-relajante-60-min\/","url":"https:\/\/mandira-spa.com\/Home\/producto\/masaje-relajante-60-min\/","name":"Mandira Spa - Masaje Relajante proporciona relajaci\u00f3n muscular","isPartOf":{"@id":"https:\/\/mandira-spa.com\/Home\/#website"},"primaryImageOfPage":{"@id":"https:\/\/mandira-spa.com\/Home\/producto\/masaje-relajante-60-min\/#primaryimage"},"image":{"@id":"https:\/\/mandira-spa.com\/Home\/producto\/masaje-relajante-60-min\/#primaryimage"},"thumbnailUrl":"https:\/\/mandira-spa.com\/Home\/wp-content\/uploads\/2017\/10\/shutterstock_128560190.jpg","datePublished":"2017-11-01T01:11:37+00:00","dateModified":"2022-06-02T16:57:52+00:00","description":"Masaje con movimientos lentos y suaves, acompa\u00f1ados de presi\u00f3n suave a media. Su objetivo es disminuir el estr\u00e9s, proporciona relajaci\u00f3n muscular y con ello un descanso inmediato.","breadcrumb":{"@id":"https:\/\/mandira-spa.com\/Home\/producto\/masaje-relajante-60-min\/#breadcrumb"},"inLanguage":"es","potentialAction":[{"@type":"ReadAction","target":["https:\/\/mandira-spa.com\/Home\/producto\/masaje-relajante-60-min\/"]}]},{"@type":"ImageObject","inLanguage":"es","@id":"https:\/\/mandira-spa.com\/Home\/producto\/masaje-relajante-60-min\/#primaryimage","url":"https:\/\/mandira-spa.com\/Home\/wp-content\/uploads\/2017\/10\/shutterstock_128560190.jpg","contentUrl":"https:\/\/mandira-spa.com\/Home\/wp-content\/uploads\/2017\/10\/shutterstock_128560190.jpg","width":1083,"height":812,"caption":"Mandira Spa"},{"@type":"BreadcrumbList","@id":"https:\/\/mandira-spa.com\/Home\/producto\/masaje-relajante-60-min\/#breadcrumb","itemListElement":[{"@type":"ListItem","position":1,"name":"Inicio","item":"https:\/\/mandira-spa.com\/Home\/"},{"@type":"ListItem","position":2,"name":"Tienda","item":"https:\/\/mandira-spa.com\/Home\/tienda\/"},{"@type":"ListItem","position":3,"name":"Masaje relajante 60 min"}]},{"@type":"WebSite","@id":"https:\/\/mandira-spa.com\/Home\/#website","url":"https:\/\/mandira-spa.com\/Home\/","name":"Mandira Spa","description":"Abre la puerta al equilibro, descubre tus sentidos.","publisher":{"@id":"https:\/\/mandira-spa.com\/Home\/#organization"},"potentialAction":[{"@type":"SearchAction","target":{"@type":"EntryPoint","urlTemplate":"https:\/\/mandira-spa.com\/Home\/?s={search_term_string}"},"query-input":{"@type":"PropertyValueSpecification","valueRequired":true,"valueName":"search_term_string"}}],"inLanguage":"es"},{"@type":"Organization","@id":"https:\/\/mandira-spa.com\/Home\/#organization","name":"Mandira Spa","url":"https:\/\/mandira-spa.com\/Home\/","logo":{"@type":"ImageObject","inLanguage":"es","@id":"https:\/\/mandira-spa.com\/Home\/#\/schema\/logo\/image\/","url":"https:\/\/mandira-spa.com\/Home\/wp-content\/uploads\/2017\/04\/android-desktop.png","contentUrl":"https:\/\/mandira-spa.com\/Home\/wp-content\/uploads\/2017\/04\/android-desktop.png","width":412,"height":353,"caption":"Mandira Spa"},"image":{"@id":"https:\/\/mandira-spa.com\/Home\/#\/schema\/logo\/image\/"},"sameAs":["https:\/\/www.facebook.com\/MandiraSpa1\/","https:\/\/x.com\/MandiraSpa","https:\/\/www.instagram.com\/mandiraspa\/"]}]}},"_links":{"self":[{"href":"https:\/\/mandira-spa.com\/Home\/wp-json\/wp\/v2\/product\/7013","targetHints":{"allow":["GET"]}}],"collection":[{"href":"https:\/\/mandira-spa.com\/Home\/wp-json\/wp\/v2\/product"}],"about":[{"href":"https:\/\/mandira-spa.com\/Home\/wp-json\/wp\/v2\/types\/product"}],"wp:featuredmedia":[{"embeddable":true,"href":"https:\/\/mandira-spa.com\/Home\/wp-json\/wp\/v2\/media\/7014"}],"wp:attachment":[{"href":"https:\/\/mandira-spa.com\/Home\/wp-json\/wp\/v2\/media?parent=7013"}],"wp:term":[{"taxonomy":"product_brand","embeddable":true,"href":"https:\/\/mandira-spa.com\/Home\/wp-json\/wp\/v2\/product_brand?post=7013"},{"taxonomy":"product_cat","embeddable":true,"href":"https:\/\/mandira-spa.com\/Home\/wp-json\/wp\/v2\/product_cat?post=7013"},{"taxonomy":"product_tag","embeddable":true,"href":"https:\/\/mandira-spa.com\/Home\/wp-json\/wp\/v2\/product_tag?post=7013"}],"curies":[{"name":"wp","href":"https:\/\/api.w.org\/{rel}","templated":true}]}}