{"id":6701,"date":"2017-03-22T21:07:26","date_gmt":"2017-03-23T03:07:26","guid":{"rendered":"http:\/\/mandira-spa.com\/Home\/?page_id=6701"},"modified":"2017-06-06T15:03:38","modified_gmt":"2017-06-06T21:03:38","slug":"especiales","status":"publish","type":"page","link":"https:\/\/mandira-spa.com\/Home\/especiales\/","title":{"rendered":"Especiales"},"content":{"rendered":"[vc_row type=&#8221;full_width_background&#8221; full_screen_row_position=&#8221;middle&#8221; equal_height=&#8221;yes&#8221; content_placement=&#8221;middle&#8221; bg_image=&#8221;6228&#8243; bg_position=&#8221;left top&#8221; bg_repeat=&#8221;no-repeat&#8221; scene_position=&#8221;center&#8221; text_color=&#8221;light&#8221; text_align=&#8221;center&#8221; top_padding=&#8221;1%&#8221; bottom_padding=&#8221;3%&#8221; overlay_strength=&#8221;0.8&#8243;][vc_column centered_text=&#8221;true&#8221; column_padding=&#8221;padding-3-percent&#8221; column_padding_position=&#8221;all&#8221; background_color=&#8221;#000000&#8243; background_color_opacity=&#8221;0.6&#8243; background_hover_color_opacity=&#8221;1&#8243; column_shadow=&#8221;none&#8221; width=&#8221;1\/1&#8243; tablet_text_alignment=&#8221;default&#8221; phone_text_alignment=&#8221;default&#8221; column_border_width=&#8221;none&#8221; column_border_style=&#8221;solid&#8221;][nectar_icon icon_family=&#8221;fontawesome&#8221; icon_style=&#8221;border-animation&#8221; icon_border_thickness=&#8221;2px&#8221; icon_color=&#8221;Accent-Color&#8221; icon_padding=&#8221;20px&#8221; icon_fontawesome=&#8221;fa fa-first-order&#8221;][toggles style=&#8221;minimal&#8221;][toggle color=&#8221;Default&#8221; title=&#8221;Velos de Novia&#8221;][vc_custom_heading text=&#8221;Tratamiento que brinda diversos beneficios, dejando la piel con luminosidad, hidratada, revitalizada, tanto facial como corporal. Incluyendo regadera vichy para brindar una plena relajaci\u00f3n.&#8221; font_container=&#8221;tag:p|text_align:justify&#8221; google_fonts=&#8221;font_family:Noto%20Sans%3Aregular%2Citalic%2C700%2C700italic|font_style:400%20regular%3A400%3Anormal&#8221;][\/toggle][toggle color=&#8221;Default&#8221; title=&#8221;Masaje en Pareja&#8221;][vc_custom_heading text=&#8221;Comparte el Silencio, la Complicidad del respirar pronfundo&#8230;<\/p>\n<p>Terapia que promueve la salud y el bienestar, a trav\u00e9s de sus aceites esenciales los cuales satisfacen necesidades de mente, cuerpo y esp\u00edritu. Su objetivo es disminuir el estr\u00e9s, combatir el insomnio; de manera indirecta proporcionar relajaci\u00f3n muscular y con ello un descanso inmediato.&#8221; font_container=&#8221;tag:p|text_align:justify&#8221; google_fonts=&#8221;font_family:Noto%20Sans%3Aregular%2Citalic%2C700%2C700italic|font_style:400%20regular%3A400%3Anormal&#8221;][vc_column_text][\/vc_column_text][\/toggle][toggle color=&#8221;Default&#8221; title=&#8221;despedida de soltera&#8221;][vc_custom_heading text=&#8221;&#8221; font_container=&#8221;tag:p|text_align:justify&#8221; google_fonts=&#8221;font_family:Noto%20Sans%3Aregular%2Citalic%2C700%2C700italic|font_style:400%20regular%3A400%3Anormal&#8221;][\/toggle][toggle color=&#8221;Default&#8221; title=&#8221;cumplea\u00f1os&#8221;][vc_custom_heading text=&#8221;&#8221; font_container=&#8221;tag:p|text_align:justify&#8221; google_fonts=&#8221;font_family:Noto%20Sans%3Aregular%2Citalic%2C700%2C700italic|font_style:400%20regular%3A400%3Anormal&#8221;][\/toggle][\/toggles][\/vc_column][\/vc_row]\n","protected":false},"excerpt":{"rendered":"<p>[vc_row type=&#8221;full_width_background&#8221; full_screen_row_position=&#8221;middle&#8221; equal_height=&#8221;yes&#8221; content_placement=&#8221;middle&#8221; bg_image=&#8221;6228&#8243; bg_position=&#8221;left top&#8221; bg_repeat=&#8221;no-repeat&#8221; scene_position=&#8221;center&#8221; text_color=&#8221;light&#8221; text_align=&#8221;center&#8221; top_padding=&#8221;1%&#8221; bottom_padding=&#8221;3%&#8221; overlay_strength=&#8221;0.8&#8243;][vc_column centered_text=&#8221;true&#8221; column_padding=&#8221;padding-3-percent&#8221; column_padding_position=&#8221;all&#8221; background_color=&#8221;#000000&#8243; background_color_opacity=&#8221;0.6&#8243; background_hover_color_opacity=&#8221;1&#8243; column_shadow=&#8221;none&#8221; width=&#8221;1\/1&#8243; tablet_text_alignment=&#8221;default&#8221; phone_text_alignment=&#8221;default&#8221; column_border_width=&#8221;none&#8221; column_border_style=&#8221;solid&#8221;][nectar_icon icon_family=&#8221;fontawesome&#8221; icon_style=&#8221;border-animation&#8221; icon_border_thickness=&#8221;2px&#8221;&#8230;<\/p>\n","protected":false},"author":1,"featured_media":0,"parent":0,"menu_order":0,"comment_status":"closed","ping_status":"closed","template":"","meta":{"footnotes":""},"class_list":["post-6701","page","type-page","status-publish"],"yoast_head":"<!-- This site is optimized with the Yoast SEO plugin v27.5 - https:\/\/yoast.com\/product\/yoast-seo-wordpress\/ -->\n<title>Especiales - Mandira Spa<\/title>\n<meta name=\"robots\" content=\"index, follow, max-snippet:-1, max-image-preview:large, max-video-preview:-1\" \/>\n<link rel=\"canonical\" href=\"https:\/\/mandira-spa.com\/Home\/especiales\/\" \/>\n<meta property=\"og:locale\" content=\"es_MX\" \/>\n<meta property=\"og:type\" content=\"article\" \/>\n<meta property=\"og:title\" content=\"Especiales - Mandira Spa\" \/>\n<meta property=\"og:description\" content=\"[vc_row type=&#8221;full_width_background&#8221; full_screen_row_position=&#8221;middle&#8221; equal_height=&#8221;yes&#8221; content_placement=&#8221;middle&#8221; bg_image=&#8221;6228&#8243; bg_position=&#8221;left top&#8221; bg_repeat=&#8221;no-repeat&#8221; scene_position=&#8221;center&#8221; text_color=&#8221;light&#8221; text_align=&#8221;center&#8221; top_padding=&#8221;1%&#8221; bottom_padding=&#8221;3%&#8221; overlay_strength=&#8221;0.8&#8243;][vc_column centered_text=&#8221;true&#8221; column_padding=&#8221;padding-3-percent&#8221; column_padding_position=&#8221;all&#8221; background_color=&#8221;#000000&#8243; background_color_opacity=&#8221;0.6&#8243; background_hover_color_opacity=&#8221;1&#8243; column_shadow=&#8221;none&#8221; width=&#8221;1\/1&#8243; tablet_text_alignment=&#8221;default&#8221; phone_text_alignment=&#8221;default&#8221; column_border_width=&#8221;none&#8221; column_border_style=&#8221;solid&#8221;][nectar_icon icon_family=&#8221;fontawesome&#8221; icon_style=&#8221;border-animation&#8221; icon_border_thickness=&#8221;2px&#8221;...\" \/>\n<meta property=\"og:url\" content=\"https:\/\/mandira-spa.com\/Home\/especiales\/\" \/>\n<meta property=\"og:site_name\" content=\"Mandira Spa\" \/>\n<meta property=\"article:publisher\" content=\"https:\/\/www.facebook.com\/MandiraSpa1\/\" \/>\n<meta property=\"article:modified_time\" content=\"2017-06-06T21:03:38+00:00\" \/>\n<meta property=\"og:image\" content=\"https:\/\/mandira-spa.com\/Home\/wp-content\/uploads\/2017\/10\/shutterstock_128560190.jpg\" \/>\n\t<meta property=\"og:image:width\" content=\"1083\" \/>\n\t<meta property=\"og:image:height\" content=\"812\" \/>\n\t<meta property=\"og:image:type\" content=\"image\/jpeg\" \/>\n<meta name=\"twitter:card\" content=\"summary_large_image\" \/>\n<meta name=\"twitter:site\" content=\"@MandiraSpa\" \/>\n<meta name=\"twitter:label1\" content=\"Tiempo de lectura\" \/>\n\t<meta name=\"twitter:data1\" content=\"2 minutos\" \/>\n<script type=\"application\/ld+json\" class=\"yoast-schema-graph\">{\"@context\":\"https:\\\/\\\/schema.org\",\"@graph\":[{\"@type\":\"WebPage\",\"@id\":\"https:\\\/\\\/mandira-spa.com\\\/Home\\\/especiales\\\/\",\"url\":\"https:\\\/\\\/mandira-spa.com\\\/Home\\\/especiales\\\/\",\"name\":\"Especiales - Mandira Spa\",\"isPartOf\":{\"@id\":\"https:\\\/\\\/mandira-spa.com\\\/Home\\\/#website\"},\"datePublished\":\"2017-03-23T03:07:26+00:00\",\"dateModified\":\"2017-06-06T21:03:38+00:00\",\"breadcrumb\":{\"@id\":\"https:\\\/\\\/mandira-spa.com\\\/Home\\\/especiales\\\/#breadcrumb\"},\"inLanguage\":\"es\",\"potentialAction\":[{\"@type\":\"ReadAction\",\"target\":[\"https:\\\/\\\/mandira-spa.com\\\/Home\\\/especiales\\\/\"]}]},{\"@type\":\"BreadcrumbList\",\"@id\":\"https:\\\/\\\/mandira-spa.com\\\/Home\\\/especiales\\\/#breadcrumb\",\"itemListElement\":[{\"@type\":\"ListItem\",\"position\":1,\"name\":\"Inicio\",\"item\":\"https:\\\/\\\/mandira-spa.com\\\/Home\\\/\"},{\"@type\":\"ListItem\",\"position\":2,\"name\":\"Especiales\"}]},{\"@type\":\"WebSite\",\"@id\":\"https:\\\/\\\/mandira-spa.com\\\/Home\\\/#website\",\"url\":\"https:\\\/\\\/mandira-spa.com\\\/Home\\\/\",\"name\":\"Mandira Spa\",\"description\":\"Abre la puerta al equilibro, descubre tus sentidos.\",\"publisher\":{\"@id\":\"https:\\\/\\\/mandira-spa.com\\\/Home\\\/#organization\"},\"potentialAction\":[{\"@type\":\"SearchAction\",\"target\":{\"@type\":\"EntryPoint\",\"urlTemplate\":\"https:\\\/\\\/mandira-spa.com\\\/Home\\\/?s={search_term_string}\"},\"query-input\":{\"@type\":\"PropertyValueSpecification\",\"valueRequired\":true,\"valueName\":\"search_term_string\"}}],\"inLanguage\":\"es\"},{\"@type\":\"Organization\",\"@id\":\"https:\\\/\\\/mandira-spa.com\\\/Home\\\/#organization\",\"name\":\"Mandira Spa\",\"url\":\"https:\\\/\\\/mandira-spa.com\\\/Home\\\/\",\"logo\":{\"@type\":\"ImageObject\",\"inLanguage\":\"es\",\"@id\":\"https:\\\/\\\/mandira-spa.com\\\/Home\\\/#\\\/schema\\\/logo\\\/image\\\/\",\"url\":\"https:\\\/\\\/mandira-spa.com\\\/Home\\\/wp-content\\\/uploads\\\/2017\\\/04\\\/android-desktop.png\",\"contentUrl\":\"https:\\\/\\\/mandira-spa.com\\\/Home\\\/wp-content\\\/uploads\\\/2017\\\/04\\\/android-desktop.png\",\"width\":412,\"height\":353,\"caption\":\"Mandira Spa\"},\"image\":{\"@id\":\"https:\\\/\\\/mandira-spa.com\\\/Home\\\/#\\\/schema\\\/logo\\\/image\\\/\"},\"sameAs\":[\"https:\\\/\\\/www.facebook.com\\\/MandiraSpa1\\\/\",\"https:\\\/\\\/x.com\\\/MandiraSpa\",\"https:\\\/\\\/www.instagram.com\\\/mandiraspa\\\/\"]}]}<\/script>\n<!-- \/ Yoast SEO plugin. -->","yoast_head_json":{"title":"Especiales - Mandira Spa","robots":{"index":"index","follow":"follow","max-snippet":"max-snippet:-1","max-image-preview":"max-image-preview:large","max-video-preview":"max-video-preview:-1"},"canonical":"https:\/\/mandira-spa.com\/Home\/especiales\/","og_locale":"es_MX","og_type":"article","og_title":"Especiales - Mandira Spa","og_description":"[vc_row type=&#8221;full_width_background&#8221; full_screen_row_position=&#8221;middle&#8221; equal_height=&#8221;yes&#8221; content_placement=&#8221;middle&#8221; bg_image=&#8221;6228&#8243; bg_position=&#8221;left top&#8221; bg_repeat=&#8221;no-repeat&#8221; scene_position=&#8221;center&#8221; text_color=&#8221;light&#8221; text_align=&#8221;center&#8221; top_padding=&#8221;1%&#8221; bottom_padding=&#8221;3%&#8221; overlay_strength=&#8221;0.8&#8243;][vc_column centered_text=&#8221;true&#8221; column_padding=&#8221;padding-3-percent&#8221; column_padding_position=&#8221;all&#8221; background_color=&#8221;#000000&#8243; background_color_opacity=&#8221;0.6&#8243; background_hover_color_opacity=&#8221;1&#8243; column_shadow=&#8221;none&#8221; width=&#8221;1\/1&#8243; tablet_text_alignment=&#8221;default&#8221; phone_text_alignment=&#8221;default&#8221; column_border_width=&#8221;none&#8221; column_border_style=&#8221;solid&#8221;][nectar_icon icon_family=&#8221;fontawesome&#8221; icon_style=&#8221;border-animation&#8221; icon_border_thickness=&#8221;2px&#8221;...","og_url":"https:\/\/mandira-spa.com\/Home\/especiales\/","og_site_name":"Mandira Spa","article_publisher":"https:\/\/www.facebook.com\/MandiraSpa1\/","article_modified_time":"2017-06-06T21:03:38+00:00","og_image":[{"width":1083,"height":812,"url":"https:\/\/mandira-spa.com\/Home\/wp-content\/uploads\/2017\/10\/shutterstock_128560190.jpg","type":"image\/jpeg"}],"twitter_card":"summary_large_image","twitter_site":"@MandiraSpa","twitter_misc":{"Tiempo de lectura":"2 minutos"},"schema":{"@context":"https:\/\/schema.org","@graph":[{"@type":"WebPage","@id":"https:\/\/mandira-spa.com\/Home\/especiales\/","url":"https:\/\/mandira-spa.com\/Home\/especiales\/","name":"Especiales - Mandira Spa","isPartOf":{"@id":"https:\/\/mandira-spa.com\/Home\/#website"},"datePublished":"2017-03-23T03:07:26+00:00","dateModified":"2017-06-06T21:03:38+00:00","breadcrumb":{"@id":"https:\/\/mandira-spa.com\/Home\/especiales\/#breadcrumb"},"inLanguage":"es","potentialAction":[{"@type":"ReadAction","target":["https:\/\/mandira-spa.com\/Home\/especiales\/"]}]},{"@type":"BreadcrumbList","@id":"https:\/\/mandira-spa.com\/Home\/especiales\/#breadcrumb","itemListElement":[{"@type":"ListItem","position":1,"name":"Inicio","item":"https:\/\/mandira-spa.com\/Home\/"},{"@type":"ListItem","position":2,"name":"Especiales"}]},{"@type":"WebSite","@id":"https:\/\/mandira-spa.com\/Home\/#website","url":"https:\/\/mandira-spa.com\/Home\/","name":"Mandira Spa","description":"Abre la puerta al equilibro, descubre tus sentidos.","publisher":{"@id":"https:\/\/mandira-spa.com\/Home\/#organization"},"potentialAction":[{"@type":"SearchAction","target":{"@type":"EntryPoint","urlTemplate":"https:\/\/mandira-spa.com\/Home\/?s={search_term_string}"},"query-input":{"@type":"PropertyValueSpecification","valueRequired":true,"valueName":"search_term_string"}}],"inLanguage":"es"},{"@type":"Organization","@id":"https:\/\/mandira-spa.com\/Home\/#organization","name":"Mandira Spa","url":"https:\/\/mandira-spa.com\/Home\/","logo":{"@type":"ImageObject","inLanguage":"es","@id":"https:\/\/mandira-spa.com\/Home\/#\/schema\/logo\/image\/","url":"https:\/\/mandira-spa.com\/Home\/wp-content\/uploads\/2017\/04\/android-desktop.png","contentUrl":"https:\/\/mandira-spa.com\/Home\/wp-content\/uploads\/2017\/04\/android-desktop.png","width":412,"height":353,"caption":"Mandira Spa"},"image":{"@id":"https:\/\/mandira-spa.com\/Home\/#\/schema\/logo\/image\/"},"sameAs":["https:\/\/www.facebook.com\/MandiraSpa1\/","https:\/\/x.com\/MandiraSpa","https:\/\/www.instagram.com\/mandiraspa\/"]}]}},"_links":{"self":[{"href":"https:\/\/mandira-spa.com\/Home\/wp-json\/wp\/v2\/pages\/6701","targetHints":{"allow":["GET"]}}],"collection":[{"href":"https:\/\/mandira-spa.com\/Home\/wp-json\/wp\/v2\/pages"}],"about":[{"href":"https:\/\/mandira-spa.com\/Home\/wp-json\/wp\/v2\/types\/page"}],"author":[{"embeddable":true,"href":"https:\/\/mandira-spa.com\/Home\/wp-json\/wp\/v2\/users\/1"}],"replies":[{"embeddable":true,"href":"https:\/\/mandira-spa.com\/Home\/wp-json\/wp\/v2\/comments?post=6701"}],"version-history":[{"count":7,"href":"https:\/\/mandira-spa.com\/Home\/wp-json\/wp\/v2\/pages\/6701\/revisions"}],"predecessor-version":[{"id":6910,"href":"https:\/\/mandira-spa.com\/Home\/wp-json\/wp\/v2\/pages\/6701\/revisions\/6910"}],"wp:attachment":[{"href":"https:\/\/mandira-spa.com\/Home\/wp-json\/wp\/v2\/media?parent=6701"}],"curies":[{"name":"wp","href":"https:\/\/api.w.org\/{rel}","templated":true}]}}