{"id":6683,"date":"2017-03-22T21:04:42","date_gmt":"2017-03-23T03:04:42","guid":{"rendered":"http:\/\/mandira-spa.com\/Home\/?page_id=6683"},"modified":"2019-12-05T20:21:17","modified_gmt":"2019-12-06T02:21:17","slug":"faciales","status":"publish","type":"page","link":"https:\/\/mandira-spa.com\/Home\/faciales\/","title":{"rendered":"Faciales"},"content":{"rendered":"[vc_row type=&#8221;full_width_background&#8221; full_screen_row_position=&#8221;middle&#8221; equal_height=&#8221;yes&#8221; content_placement=&#8221;middle&#8221; bg_image=&#8221;6228&#8243; bg_position=&#8221;left top&#8221; bg_repeat=&#8221;no-repeat&#8221; scene_position=&#8221;center&#8221; text_color=&#8221;light&#8221; text_align=&#8221;center&#8221; top_padding=&#8221;1%&#8221; bottom_padding=&#8221;3%&#8221; overlay_strength=&#8221;0.8&#8243; shape_divider_position=&#8221;bottom&#8221; bg_image_animation=&#8221;none&#8221;][vc_column centered_text=&#8221;true&#8221; column_padding=&#8221;padding-3-percent&#8221; column_padding_position=&#8221;all&#8221; background_color=&#8221;#000000&#8243; background_color_opacity=&#8221;0.6&#8243; background_hover_color_opacity=&#8221;1&#8243; column_link_target=&#8221;_self&#8221; column_shadow=&#8221;none&#8221; column_border_radius=&#8221;none&#8221; width=&#8221;1\/2&#8243; tablet_width_inherit=&#8221;default&#8221; tablet_text_alignment=&#8221;default&#8221; phone_text_alignment=&#8221;default&#8221; column_border_width=&#8221;none&#8221; column_border_style=&#8221;solid&#8221; bg_image_animation=&#8221;none&#8221;][nectar_icon icon_family=&#8221;fontawesome&#8221; icon_style=&#8221;border-animation&#8221; icon_border_thickness=&#8221;2px&#8221; icon_color=&#8221;Accent-Color&#8221; icon_padding=&#8221;20px&#8221; icon_fontawesome=&#8221;fa fa-smile-o&#8221;][toggles style=&#8221;minimal&#8221;][toggle color=&#8221;Default&#8221; title=&#8221;Limpieza Facial Profunda&#8221;][vc_custom_heading text=&#8221;Es un tratamiento de higiene de la piel realizada a nivel profesional, en la que no solo limpia, sino que favorece la renovaci\u00f3n celular, la vascularizaci\u00f3n y la normalizaci\u00f3n de la producci\u00f3n de grasa en la cual aplicamos nutrientes a la piel basado en las caracter\u00edsticas del tipo y estado de la misma. Este tratamiento se deber\u00e1 realizar m\u00ednimo una vez por mes ya que la renovaci\u00f3n de la piel se da de 28 a 30 d\u00edas.&#8221; font_container=&#8221;tag:p|text_align:justify&#8221; google_fonts=&#8221;font_family:Noto%20Sans%3Aregular%2Citalic%2C700%2C700italic|font_style:400%20regular%3A400%3Anormal&#8221;][\/toggle][toggle color=&#8221;Default&#8221; title=&#8221;Control de acn\u00e9&#8221;][vc_custom_heading text=&#8221;Tratamiento indicado para pieles que presentan comedones, p\u00e1pulas, p\u00fastulas y filamentos seborreicos acompa\u00f1ado de hiperqueratosis. El objetivo de \u00e9ste es controlar la infecci\u00f3n, evitar cicatrices y disminuir la producci\u00f3n de sebo. La frecuencia del tratamiento ser\u00e1 indicado por la cosmet\u00f3loga profesional de acuerdo al grado de acn\u00e9 que se encuentre.&#8221; font_container=&#8221;tag:p|text_align:justify&#8221; google_fonts=&#8221;font_family:Noto%20Sans%3Aregular%2Citalic%2C700%2C700italic|font_style:400%20regular%3A400%3Anormal&#8221;][\/toggle][toggle color=&#8221;Default&#8221; title=&#8221;Tratamiento regenerante&#8221;][vc_custom_heading text=&#8221;Este tratamiento tiene como objetivo disminuir el tiempo natural de renovaci\u00f3n celular hasta un 50% m\u00e1s r\u00e1pido, nos permita eliminar hiperqueratosis, disminuir poros abiertos, secuela de acn\u00e9, cicatrices. Es buen complemento en tratamientos para pigmentaci\u00f3n y anti-edad.&#8221; font_container=&#8221;tag:p|text_align:justify&#8221; google_fonts=&#8221;font_family:Noto%20Sans%3Aregular%2Citalic%2C700%2C700italic|font_style:400%20regular%3A400%3Anormal&#8221;][\/toggle][toggle color=&#8221;Default&#8221; title=&#8221;Anti edad&#8221;][vc_custom_heading text=&#8221;Este tratamiento integra diferentes beneficios a la piel, como hidrataci\u00f3n, nutrici\u00f3n, oxigenaci\u00f3n y disminuci\u00f3n de finas arrugas. Su intenci\u00f3n principal es la de prevenir y\/o corregir los primeros signos de envejecimiento; ideal en pacientes entre los 25 y 30 a\u00f1os.&#8221; font_container=&#8221;tag:p|text_align:justify&#8221; google_fonts=&#8221;font_family:Noto%20Sans%3Aregular%2Citalic%2C700%2C700italic|font_style:400%20regular%3A400%3Anormal&#8221;][\/toggle][toggle color=&#8221;Default&#8221; title=&#8221;Lifting facial&#8221;][vc_custom_heading text=&#8221;Tratamiento indicado para mejorar el contorno facial, aumentado la producci\u00f3n de col\u00e1geno y elastina a trav\u00e9s de aparatolog\u00eda de vanguardia y productos bio-estimuladores con los cuales obtendremos mejor calidad de piel, tonicidad en la misma y disminuci\u00f3n de arrugas. La frecuencia del tratamiento ser\u00e1 de acuerdo a la valoraci\u00f3n hecha por la cosmet\u00f3loga profesional; Es ideal alternarlo con otro tipo de tratamientos anti-edad.&#8221; font_container=&#8221;tag:p|text_align:justify&#8221; google_fonts=&#8221;font_family:Noto%20Sans%3Aregular%2Citalic%2C700%2C700italic|font_style:400%20regular%3A400%3Anormal&#8221;][\/toggle][\/toggles][\/vc_column][vc_column centered_text=&#8221;true&#8221; column_padding=&#8221;padding-3-percent&#8221; column_padding_position=&#8221;all&#8221; background_color=&#8221;#000000&#8243; background_color_opacity=&#8221;0.6&#8243; background_hover_color_opacity=&#8221;1&#8243; column_link_target=&#8221;_self&#8221; column_shadow=&#8221;none&#8221; column_border_radius=&#8221;none&#8221; width=&#8221;1\/2&#8243; tablet_width_inherit=&#8221;default&#8221; tablet_text_alignment=&#8221;default&#8221; phone_text_alignment=&#8221;default&#8221; column_border_width=&#8221;none&#8221; column_border_style=&#8221;solid&#8221; bg_image_animation=&#8221;none&#8221;][nectar_icon icon_family=&#8221;fontawesome&#8221; icon_style=&#8221;border-animation&#8221; icon_border_thickness=&#8221;2px&#8221; icon_color=&#8221;Accent-Color&#8221; icon_padding=&#8221;20px&#8221; icon_fontawesome=&#8221;fa fa-smile-o&#8221;][toggles style=&#8221;minimal&#8221;][toggle color=&#8221;Default&#8221; title=&#8221;Hidrataci\u00f3n facial&#8221;][vc_custom_heading text=&#8221;Se recomienda para pieles normales o al\u00edpicas (secas), ayuda a recuperar su estado de hidrataci\u00f3n natural, protegerla de la contaminaci\u00f3n, cambios bruscos de temperatura y exposici\u00f3n directa al sol, aportando nutrientes que enriquecen y fortalecen las fibras de col\u00e1geno y elastina. Las sesiones se recomiendan de acuerdo al estado de deshidrataci\u00f3n de la piel.&#8221; font_container=&#8221;tag:p|text_align:justify&#8221; google_fonts=&#8221;font_family:Noto%20Sans%3Aregular%2Citalic%2C700%2C700italic|font_style:400%20regular%3A400%3Anormal&#8221;][\/toggle][toggle color=&#8221;Default&#8221; title=&#8221;Micro dermoabrasi\u00f3n&#8221;][vc_custom_heading text=&#8221;Tratamiento que favorece la eliminaci\u00f3n de c\u00e9lulas muertas m\u00e1s profundas de la piel, excelente para mejorar la secuela de acn\u00e9, manchas, estr\u00edas y l\u00edneas de expresi\u00f3n ya que proporciona un aumento en la circulaci\u00f3n y renovaci\u00f3n celular. Se recomienda en complemento de otros tratamientos y\/o por si solo de acuerdo al diagn\u00f3stico hecho por la cosmet\u00f3loga profesional.&#8221; font_container=&#8221;tag:p|text_align:justify&#8221; google_fonts=&#8221;font_family:Noto%20Sans%3Aregular%2Citalic%2C700%2C700italic|font_style:400%20regular%3A400%3Anormal&#8221;][vc_column_text][\/vc_column_text][\/toggle][toggle color=&#8221;Default&#8221; title=&#8221;Facial aclarante&#8221;][vc_custom_heading text=&#8221;Es un tratamiento cuyo objetivo principal es disminuir las pigmentaciones irregulares en la piel causadas por factores intr\u00ednsecos y\/o extr\u00ednsecos, como pueden ser exposici\u00f3n directa al sol, factores hormonales, uso inadecuado de productos para el cuidado de la piel, medicamentos, etc; Sin descuidar la nutrici\u00f3n esencial, logrando total regeneraci\u00f3n. La frecuencia del tratamiento y duraci\u00f3n del mismo se evaluara de acuerdo a la evoluci\u00f3n de la pigmentaci\u00f3n, es recomendable una vez logrado el objetivo deseado tener sesiones de mantenimiento mensual para evitar reaparici\u00f3n de las manchas.&#8221; font_container=&#8221;tag:p|text_align:justify&#8221; google_fonts=&#8221;font_family:Noto%20Sans%3Aregular%2Citalic%2C700%2C700italic|font_style:400%20regular%3A400%3Anormal&#8221;][\/toggle][toggle color=&#8221;Default&#8221; title=&#8221;Oxigenante&#8221;][vc_custom_heading text=&#8221;Tratamiento que previene la oxidaci\u00f3n celular de la piel, ideal para pieles opacas, deportistas, fumadores, este tratamiento favorece la oxigenaci\u00f3n, bioestimulaci\u00f3n y ayuda a mantener la hidrataci\u00f3n natural de la piel. Indicado a todo tipo de pieles y como complemento y mantenimiento de tratamientos despigmentantes, control de acn\u00e9, rejuvenecimiento, etc.&#8221; font_container=&#8221;tag:p|text_align:justify&#8221; google_fonts=&#8221;font_family:Noto%20Sans%3Aregular%2Citalic%2C700%2C700italic|font_style:400%20regular%3A400%3Anormal&#8221;][\/toggle][toggle color=&#8221;Default&#8221; title=&#8221;Peeling (qu\u00edmico)&#8221;][vc_custom_heading text=&#8221;Ideal para reducir signos de envejecimiento, l\u00edneas de expresi\u00f3n y arrugas; revitaliza la textura de la piel da\u00f1ada, iguala el tono de la piel y restaura el brillo natural. Para \u00f3ptimos resultados aplicar una serie de 6 tratamientos combinado con facial oxigenante y microdermoabrasi\u00f3n.&#8221; font_container=&#8221;tag:p|text_align:justify&#8221; google_fonts=&#8221;font_family:Noto%20Sans%3Aregular%2Citalic%2C700%2C700italic|font_style:400%20regular%3A400%3Anormal&#8221;][\/toggle][\/toggles][\/vc_column][\/vc_row]\n","protected":false},"excerpt":{"rendered":"<p>[vc_row type=&#8221;full_width_background&#8221; full_screen_row_position=&#8221;middle&#8221; equal_height=&#8221;yes&#8221; content_placement=&#8221;middle&#8221; bg_image=&#8221;6228&#8243; bg_position=&#8221;left top&#8221; bg_repeat=&#8221;no-repeat&#8221; scene_position=&#8221;center&#8221; text_color=&#8221;light&#8221; text_align=&#8221;center&#8221; top_padding=&#8221;1%&#8221; bottom_padding=&#8221;3%&#8221; overlay_strength=&#8221;0.8&#8243; shape_divider_position=&#8221;bottom&#8221; bg_image_animation=&#8221;none&#8221;][vc_column centered_text=&#8221;true&#8221; column_padding=&#8221;padding-3-percent&#8221; column_padding_position=&#8221;all&#8221; background_color=&#8221;#000000&#8243; background_color_opacity=&#8221;0.6&#8243; background_hover_color_opacity=&#8221;1&#8243; column_link_target=&#8221;_self&#8221; column_shadow=&#8221;none&#8221; column_border_radius=&#8221;none&#8221; width=&#8221;1\/2&#8243; tablet_width_inherit=&#8221;default&#8221; tablet_text_alignment=&#8221;default&#8221; phone_text_alignment=&#8221;default&#8221;&#8230;<\/p>\n","protected":false},"author":1,"featured_media":0,"parent":0,"menu_order":0,"comment_status":"closed","ping_status":"closed","template":"","meta":{"footnotes":""},"class_list":["post-6683","page","type-page","status-publish"],"yoast_head":"<!-- This site is optimized with the Yoast SEO plugin v27.4 - https:\/\/yoast.com\/product\/yoast-seo-wordpress\/ -->\n<title>Faciales - Mandira Spa<\/title>\n<meta name=\"robots\" content=\"index, follow, max-snippet:-1, max-image-preview:large, max-video-preview:-1\" \/>\n<link rel=\"canonical\" href=\"https:\/\/mandira-spa.com\/Home\/faciales\/\" \/>\n<meta property=\"og:locale\" content=\"es_MX\" \/>\n<meta property=\"og:type\" content=\"article\" \/>\n<meta property=\"og:title\" content=\"Faciales - Mandira Spa\" \/>\n<meta property=\"og:description\" content=\"[vc_row type=&#8221;full_width_background&#8221; full_screen_row_position=&#8221;middle&#8221; equal_height=&#8221;yes&#8221; content_placement=&#8221;middle&#8221; bg_image=&#8221;6228&#8243; bg_position=&#8221;left top&#8221; bg_repeat=&#8221;no-repeat&#8221; scene_position=&#8221;center&#8221; text_color=&#8221;light&#8221; text_align=&#8221;center&#8221; top_padding=&#8221;1%&#8221; bottom_padding=&#8221;3%&#8221; overlay_strength=&#8221;0.8&#8243; shape_divider_position=&#8221;bottom&#8221; bg_image_animation=&#8221;none&#8221;][vc_column centered_text=&#8221;true&#8221; column_padding=&#8221;padding-3-percent&#8221; column_padding_position=&#8221;all&#8221; background_color=&#8221;#000000&#8243; background_color_opacity=&#8221;0.6&#8243; background_hover_color_opacity=&#8221;1&#8243; column_link_target=&#8221;_self&#8221; column_shadow=&#8221;none&#8221; column_border_radius=&#8221;none&#8221; width=&#8221;1\/2&#8243; tablet_width_inherit=&#8221;default&#8221; tablet_text_alignment=&#8221;default&#8221; phone_text_alignment=&#8221;default&#8221;...\" \/>\n<meta property=\"og:url\" content=\"https:\/\/mandira-spa.com\/Home\/faciales\/\" \/>\n<meta property=\"og:site_name\" content=\"Mandira Spa\" \/>\n<meta property=\"article:publisher\" content=\"https:\/\/www.facebook.com\/MandiraSpa1\/\" \/>\n<meta property=\"article:modified_time\" content=\"2019-12-06T02:21:17+00:00\" \/>\n<meta property=\"og:image\" content=\"https:\/\/mandira-spa.com\/Home\/wp-content\/uploads\/2017\/10\/shutterstock_128560190.jpg\" \/>\n\t<meta property=\"og:image:width\" content=\"1083\" \/>\n\t<meta property=\"og:image:height\" content=\"812\" \/>\n\t<meta property=\"og:image:type\" content=\"image\/jpeg\" \/>\n<meta name=\"twitter:card\" content=\"summary_large_image\" \/>\n<meta name=\"twitter:site\" content=\"@MandiraSpa\" \/>\n<meta name=\"twitter:label1\" content=\"Tiempo de lectura\" \/>\n\t<meta name=\"twitter:data1\" content=\"6 minutos\" \/>\n<script type=\"application\/ld+json\" class=\"yoast-schema-graph\">{\"@context\":\"https:\\\/\\\/schema.org\",\"@graph\":[{\"@type\":\"WebPage\",\"@id\":\"https:\\\/\\\/mandira-spa.com\\\/Home\\\/faciales\\\/\",\"url\":\"https:\\\/\\\/mandira-spa.com\\\/Home\\\/faciales\\\/\",\"name\":\"Faciales - Mandira Spa\",\"isPartOf\":{\"@id\":\"https:\\\/\\\/mandira-spa.com\\\/Home\\\/#website\"},\"datePublished\":\"2017-03-23T03:04:42+00:00\",\"dateModified\":\"2019-12-06T02:21:17+00:00\",\"breadcrumb\":{\"@id\":\"https:\\\/\\\/mandira-spa.com\\\/Home\\\/faciales\\\/#breadcrumb\"},\"inLanguage\":\"es\",\"potentialAction\":[{\"@type\":\"ReadAction\",\"target\":[\"https:\\\/\\\/mandira-spa.com\\\/Home\\\/faciales\\\/\"]}]},{\"@type\":\"BreadcrumbList\",\"@id\":\"https:\\\/\\\/mandira-spa.com\\\/Home\\\/faciales\\\/#breadcrumb\",\"itemListElement\":[{\"@type\":\"ListItem\",\"position\":1,\"name\":\"Inicio\",\"item\":\"https:\\\/\\\/mandira-spa.com\\\/Home\\\/\"},{\"@type\":\"ListItem\",\"position\":2,\"name\":\"Faciales\"}]},{\"@type\":\"WebSite\",\"@id\":\"https:\\\/\\\/mandira-spa.com\\\/Home\\\/#website\",\"url\":\"https:\\\/\\\/mandira-spa.com\\\/Home\\\/\",\"name\":\"Mandira Spa\",\"description\":\"Abre la puerta al equilibro, descubre tus sentidos.\",\"publisher\":{\"@id\":\"https:\\\/\\\/mandira-spa.com\\\/Home\\\/#organization\"},\"potentialAction\":[{\"@type\":\"SearchAction\",\"target\":{\"@type\":\"EntryPoint\",\"urlTemplate\":\"https:\\\/\\\/mandira-spa.com\\\/Home\\\/?s={search_term_string}\"},\"query-input\":{\"@type\":\"PropertyValueSpecification\",\"valueRequired\":true,\"valueName\":\"search_term_string\"}}],\"inLanguage\":\"es\"},{\"@type\":\"Organization\",\"@id\":\"https:\\\/\\\/mandira-spa.com\\\/Home\\\/#organization\",\"name\":\"Mandira Spa\",\"url\":\"https:\\\/\\\/mandira-spa.com\\\/Home\\\/\",\"logo\":{\"@type\":\"ImageObject\",\"inLanguage\":\"es\",\"@id\":\"https:\\\/\\\/mandira-spa.com\\\/Home\\\/#\\\/schema\\\/logo\\\/image\\\/\",\"url\":\"https:\\\/\\\/mandira-spa.com\\\/Home\\\/wp-content\\\/uploads\\\/2017\\\/04\\\/android-desktop.png\",\"contentUrl\":\"https:\\\/\\\/mandira-spa.com\\\/Home\\\/wp-content\\\/uploads\\\/2017\\\/04\\\/android-desktop.png\",\"width\":412,\"height\":353,\"caption\":\"Mandira Spa\"},\"image\":{\"@id\":\"https:\\\/\\\/mandira-spa.com\\\/Home\\\/#\\\/schema\\\/logo\\\/image\\\/\"},\"sameAs\":[\"https:\\\/\\\/www.facebook.com\\\/MandiraSpa1\\\/\",\"https:\\\/\\\/x.com\\\/MandiraSpa\",\"https:\\\/\\\/www.instagram.com\\\/mandiraspa\\\/\"]}]}<\/script>\n<!-- \/ Yoast SEO plugin. -->","yoast_head_json":{"title":"Faciales - Mandira Spa","robots":{"index":"index","follow":"follow","max-snippet":"max-snippet:-1","max-image-preview":"max-image-preview:large","max-video-preview":"max-video-preview:-1"},"canonical":"https:\/\/mandira-spa.com\/Home\/faciales\/","og_locale":"es_MX","og_type":"article","og_title":"Faciales - Mandira Spa","og_description":"[vc_row type=&#8221;full_width_background&#8221; full_screen_row_position=&#8221;middle&#8221; equal_height=&#8221;yes&#8221; content_placement=&#8221;middle&#8221; bg_image=&#8221;6228&#8243; bg_position=&#8221;left top&#8221; bg_repeat=&#8221;no-repeat&#8221; scene_position=&#8221;center&#8221; text_color=&#8221;light&#8221; text_align=&#8221;center&#8221; top_padding=&#8221;1%&#8221; bottom_padding=&#8221;3%&#8221; overlay_strength=&#8221;0.8&#8243; shape_divider_position=&#8221;bottom&#8221; bg_image_animation=&#8221;none&#8221;][vc_column centered_text=&#8221;true&#8221; column_padding=&#8221;padding-3-percent&#8221; column_padding_position=&#8221;all&#8221; background_color=&#8221;#000000&#8243; background_color_opacity=&#8221;0.6&#8243; background_hover_color_opacity=&#8221;1&#8243; column_link_target=&#8221;_self&#8221; column_shadow=&#8221;none&#8221; column_border_radius=&#8221;none&#8221; width=&#8221;1\/2&#8243; tablet_width_inherit=&#8221;default&#8221; tablet_text_alignment=&#8221;default&#8221; phone_text_alignment=&#8221;default&#8221;...","og_url":"https:\/\/mandira-spa.com\/Home\/faciales\/","og_site_name":"Mandira Spa","article_publisher":"https:\/\/www.facebook.com\/MandiraSpa1\/","article_modified_time":"2019-12-06T02:21:17+00:00","og_image":[{"width":1083,"height":812,"url":"https:\/\/mandira-spa.com\/Home\/wp-content\/uploads\/2017\/10\/shutterstock_128560190.jpg","type":"image\/jpeg"}],"twitter_card":"summary_large_image","twitter_site":"@MandiraSpa","twitter_misc":{"Tiempo de lectura":"6 minutos"},"schema":{"@context":"https:\/\/schema.org","@graph":[{"@type":"WebPage","@id":"https:\/\/mandira-spa.com\/Home\/faciales\/","url":"https:\/\/mandira-spa.com\/Home\/faciales\/","name":"Faciales - Mandira Spa","isPartOf":{"@id":"https:\/\/mandira-spa.com\/Home\/#website"},"datePublished":"2017-03-23T03:04:42+00:00","dateModified":"2019-12-06T02:21:17+00:00","breadcrumb":{"@id":"https:\/\/mandira-spa.com\/Home\/faciales\/#breadcrumb"},"inLanguage":"es","potentialAction":[{"@type":"ReadAction","target":["https:\/\/mandira-spa.com\/Home\/faciales\/"]}]},{"@type":"BreadcrumbList","@id":"https:\/\/mandira-spa.com\/Home\/faciales\/#breadcrumb","itemListElement":[{"@type":"ListItem","position":1,"name":"Inicio","item":"https:\/\/mandira-spa.com\/Home\/"},{"@type":"ListItem","position":2,"name":"Faciales"}]},{"@type":"WebSite","@id":"https:\/\/mandira-spa.com\/Home\/#website","url":"https:\/\/mandira-spa.com\/Home\/","name":"Mandira Spa","description":"Abre la puerta al equilibro, descubre tus sentidos.","publisher":{"@id":"https:\/\/mandira-spa.com\/Home\/#organization"},"potentialAction":[{"@type":"SearchAction","target":{"@type":"EntryPoint","urlTemplate":"https:\/\/mandira-spa.com\/Home\/?s={search_term_string}"},"query-input":{"@type":"PropertyValueSpecification","valueRequired":true,"valueName":"search_term_string"}}],"inLanguage":"es"},{"@type":"Organization","@id":"https:\/\/mandira-spa.com\/Home\/#organization","name":"Mandira Spa","url":"https:\/\/mandira-spa.com\/Home\/","logo":{"@type":"ImageObject","inLanguage":"es","@id":"https:\/\/mandira-spa.com\/Home\/#\/schema\/logo\/image\/","url":"https:\/\/mandira-spa.com\/Home\/wp-content\/uploads\/2017\/04\/android-desktop.png","contentUrl":"https:\/\/mandira-spa.com\/Home\/wp-content\/uploads\/2017\/04\/android-desktop.png","width":412,"height":353,"caption":"Mandira Spa"},"image":{"@id":"https:\/\/mandira-spa.com\/Home\/#\/schema\/logo\/image\/"},"sameAs":["https:\/\/www.facebook.com\/MandiraSpa1\/","https:\/\/x.com\/MandiraSpa","https:\/\/www.instagram.com\/mandiraspa\/"]}]}},"_links":{"self":[{"href":"https:\/\/mandira-spa.com\/Home\/wp-json\/wp\/v2\/pages\/6683","targetHints":{"allow":["GET"]}}],"collection":[{"href":"https:\/\/mandira-spa.com\/Home\/wp-json\/wp\/v2\/pages"}],"about":[{"href":"https:\/\/mandira-spa.com\/Home\/wp-json\/wp\/v2\/types\/page"}],"author":[{"embeddable":true,"href":"https:\/\/mandira-spa.com\/Home\/wp-json\/wp\/v2\/users\/1"}],"replies":[{"embeddable":true,"href":"https:\/\/mandira-spa.com\/Home\/wp-json\/wp\/v2\/comments?post=6683"}],"version-history":[{"count":6,"href":"https:\/\/mandira-spa.com\/Home\/wp-json\/wp\/v2\/pages\/6683\/revisions"}],"predecessor-version":[{"id":9805,"href":"https:\/\/mandira-spa.com\/Home\/wp-json\/wp\/v2\/pages\/6683\/revisions\/9805"}],"wp:attachment":[{"href":"https:\/\/mandira-spa.com\/Home\/wp-json\/wp\/v2\/media?parent=6683"}],"curies":[{"name":"wp","href":"https:\/\/api.w.org\/{rel}","templated":true}]}}