{"id":6432,"date":"2017-03-20T21:49:39","date_gmt":"2017-03-21T03:49:39","guid":{"rendered":"http:\/\/mandira-spa.com\/Home\/?page_id=6432"},"modified":"2018-12-26T14:20:51","modified_gmt":"2018-12-26T20:20:51","slug":"tratamientos","status":"publish","type":"page","link":"https:\/\/mandira-spa.com\/Home\/tratamientos\/","title":{"rendered":"Tratamientos"},"content":{"rendered":"[vc_row type=&#8221;full_width_content&#8221; full_screen_row_position=&#8221;middle&#8221; equal_height=&#8221;yes&#8221; content_placement=&#8221;middle&#8221; bg_image=&#8221;6228&#8243; bg_position=&#8221;right bottom&#8221; bg_repeat=&#8221;no-repeat&#8221; scene_position=&#8221;center&#8221; text_color=&#8221;light&#8221; text_align=&#8221;left&#8221; color_overlay=&#8221;#141414&#8243; overlay_strength=&#8221;0.5&#8243; shape_divider_position=&#8221;bottom&#8221; bg_image_animation=&#8221;none&#8221; shape_type=&#8221;&#8221;][vc_column centered_text=&#8221;true&#8221; column_padding=&#8221;padding-2-percent&#8221; column_padding_position=&#8221;all&#8221; background_color_opacity=&#8221;0.6&#8243; background_hover_color_opacity=&#8221;0.6&#8243; column_link_target=&#8221;_self&#8221; column_shadow=&#8221;none&#8221; column_border_radius=&#8221;none&#8221; width=&#8221;1\/1&#8243; tablet_width_inherit=&#8221;default&#8221; tablet_text_alignment=&#8221;default&#8221; phone_text_alignment=&#8221;default&#8221; column_border_width=&#8221;none&#8221; column_border_style=&#8221;solid&#8221; bg_image_animation=&#8221;none&#8221;][nectar_highlighted_text style=&#8221;full_text&#8221;]\n<h3 style=\"text-align: center;\">Tratamientos Mandira Spa<\/h3>\n[\/nectar_highlighted_text][vc_row_inner column_margin=&#8221;default&#8221; text_align=&#8221;left&#8221;][vc_column_inner column_padding=&#8221;no-extra-padding&#8221; column_padding_position=&#8221;all&#8221; background_color_opacity=&#8221;1&#8243; background_hover_color_opacity=&#8221;1&#8243; column_shadow=&#8221;none&#8221; column_border_radius=&#8221;none&#8221; column_link_target=&#8221;_self&#8221; width=&#8221;1\/2&#8243; tablet_width_inherit=&#8221;default&#8221; column_border_width=&#8221;none&#8221; column_border_style=&#8221;solid&#8221; bg_image_animation=&#8221;none&#8221;][nectar_horizontal_list_item columns=&#8221;1&#8243; col_1_text_align=&#8221;center&#8221; font_family=&#8221;p&#8221; hover_color=&#8221;accent-color&#8221; col_1_content=&#8221;Masajes&#8221; url=&#8221;https:\/\/mandira-spa.com\/Home\/masajes\/&#8221;][nectar_horizontal_list_item columns=&#8221;1&#8243; col_1_text_align=&#8221;center&#8221; font_family=&#8221;p&#8221; hover_color=&#8221;accent-color&#8221; col_1_content=&#8221;Corporales&#8221; url=&#8221;https:\/\/mandira-spa.com\/Home\/corporales\/&#8221;][nectar_horizontal_list_item columns=&#8221;1&#8243; col_1_text_align=&#8221;center&#8221; font_family=&#8221;p&#8221; hover_color=&#8221;accent-color&#8221; col_1_content=&#8221;Pediluvios&#8221; url=&#8221;https:\/\/mandira-spa.com\/Home\/pediluvios\/&#8221;][nectar_horizontal_list_item columns=&#8221;1&#8243; col_1_text_align=&#8221;center&#8221; font_family=&#8221;p&#8221; hover_color=&#8221;accent-color&#8221; col_1_content=&#8221;Exfoliantes&#8221; url=&#8221;https:\/\/mandira-spa.com\/Home\/exfoliantes\/&#8221;][nectar_horizontal_list_item columns=&#8221;1&#8243; col_1_text_align=&#8221;center&#8221; font_family=&#8221;p&#8221; hover_color=&#8221;accent-color&#8221; col_1_content=&#8221;Especiales&#8221; url=&#8221;https:\/\/mandira-spa.com\/Home\/especiales\/&#8221;][\/vc_column_inner][vc_column_inner column_padding=&#8221;no-extra-padding&#8221; column_padding_position=&#8221;all&#8221; background_color_opacity=&#8221;1&#8243; background_hover_color_opacity=&#8221;1&#8243; column_shadow=&#8221;none&#8221; column_border_radius=&#8221;none&#8221; column_link_target=&#8221;_self&#8221; width=&#8221;1\/2&#8243; tablet_width_inherit=&#8221;default&#8221; column_border_width=&#8221;none&#8221; column_border_style=&#8221;solid&#8221; bg_image_animation=&#8221;none&#8221;][nectar_horizontal_list_item columns=&#8221;1&#8243; col_1_text_align=&#8221;center&#8221; font_family=&#8221;p&#8221; hover_color=&#8221;accent-color&#8221; col_1_content=&#8221;Faciales&#8221; url=&#8221;https:\/\/mandira-spa.com\/Home\/faciales\/&#8221;][nectar_horizontal_list_item columns=&#8221;1&#8243; col_1_text_align=&#8221;center&#8221; font_family=&#8221;p&#8221; hover_color=&#8221;accent-color&#8221; col_1_content=&#8221;Epilaciones&#8221; url=&#8221;https:\/\/mandira-spa.com\/Home\/epilaciones\/&#8221;][nectar_horizontal_list_item columns=&#8221;1&#8243; col_1_text_align=&#8221;center&#8221; font_family=&#8221;p&#8221; hover_color=&#8221;accent-color&#8221; col_1_content=&#8221;Reiki&#8221; url=&#8221;https:\/\/mandira-spa.com\/Home\/reiki\/&#8221;][nectar_horizontal_list_item columns=&#8221;1&#8243; col_1_text_align=&#8221;center&#8221; font_family=&#8221;p&#8221; hover_color=&#8221;accent-color&#8221; col_1_content=&#8221;Envolventes&#8221; url=&#8221;https:\/\/mandira-spa.com\/Home\/envolventes\/&#8221;][nectar_horizontal_list_item columns=&#8221;1&#8243; col_1_text_align=&#8221;center&#8221; font_family=&#8221;p&#8221; hover_color=&#8221;accent-color&#8221; col_1_content=&#8221;Hidroterapia&#8221; url=&#8221;https:\/\/mandira-spa.com\/Home\/hidroterapia\/&#8221;][\/vc_column_inner][\/vc_row_inner][\/vc_column][\/vc_row][vc_row type=&#8221;full_width_content&#8221; full_screen_row_position=&#8221;middle&#8221; equal_height=&#8221;yes&#8221; content_placement=&#8221;middle&#8221; scene_position=&#8221;center&#8221; text_color=&#8221;dark&#8221; text_align=&#8221;left&#8221; top_padding=&#8221;5%&#8221; bottom_padding=&#8221;5%&#8221; overlay_strength=&#8221;0.3&#8243; enable_shape_divider=&#8221;true&#8221; shape_divider_color=&#8221;#00acc1&#8243; shape_divider_position=&#8221;both&#8221; shape_divider_height=&#8221;100&#8243; bg_image_animation=&#8221;none&#8221; shape_type=&#8221;mountains&#8221;][vc_column centered_text=&#8221;true&#8221; column_padding=&#8221;padding-5-percent&#8221; column_padding_position=&#8221;left-right&#8221; background_color_opacity=&#8221;1&#8243; background_hover_color_opacity=&#8221;1&#8243; column_link_target=&#8221;_self&#8221; column_shadow=&#8221;none&#8221; column_border_radius=&#8221;none&#8221; width=&#8221;1\/4&#8243; tablet_width_inherit=&#8221;default&#8221; tablet_text_alignment=&#8221;default&#8221; phone_text_alignment=&#8221;default&#8221; column_border_width=&#8221;none&#8221; column_border_style=&#8221;solid&#8221; bg_image_animation=&#8221;none&#8221;][nectar_icon icon_family=&#8221;fontawesome&#8221; icon_style=&#8221;border-animation&#8221; icon_border_thickness=&#8221;2px&#8221; icon_color=&#8221;Accent-Color&#8221; icon_padding=&#8221;20px&#8221; icon_fontawesome=&#8221;fa fa-assistive-listening-systems&#8221;][vc_column_text]\n<h2>\u00bfQu\u00e9 son los tratamientos Sensoriales?<\/h2>\n[\/vc_column_text][\/vc_column][vc_column column_padding=&#8221;no-extra-padding&#8221; column_padding_position=&#8221;all&#8221; background_color_opacity=&#8221;1&#8243; background_hover_color_opacity=&#8221;1&#8243; column_link_target=&#8221;_self&#8221; column_shadow=&#8221;large_depth&#8221; column_border_radius=&#8221;none&#8221; width=&#8221;3\/4&#8243; tablet_width_inherit=&#8221;default&#8221; tablet_text_alignment=&#8221;default&#8221; phone_text_alignment=&#8221;default&#8221; column_border_width=&#8221;none&#8221; column_border_style=&#8221;solid&#8221; bg_image_animation=&#8221;none&#8221;][toggles style=&#8221;default&#8221; accordion=&#8221;true&#8221;][toggle color=&#8221;Default&#8221; title=&#8221;Aromaterapia&#8221;][vc_column_text]\n<p style=\"text-align: center;\">La Aromaterapia es la ciencia milenaria que aprovecha las propiedades de los aceites esenciales extra\u00eddos de las plantas arom\u00e1ticas, para restablecer el equilibrio y armon\u00eda del cuerpo y de la mente para beneficio de nuestra salud y belleza. A diferencia de otras terapias, el potencial curativo de la aromaterapia procede de su capacidad para promover la relajaci\u00f3n y, al mismo tiempo, generar una sensaci\u00f3n de alegr\u00eda o tranquilidad en el receptor. Los aromas act\u00faan en nuestro interior por asociaci\u00f3n de im\u00e1genes, evitando la intervenci\u00f3n de nuestra parte consciente que todo lo analiza y todo lo traduce a palabras comprensibles. Es por esta raz\u00f3n que se considera a la Aromaterapia como el lenguaje del alma: aquello que nuestro cerebro percibe a trav\u00e9s del olfato, lo sit\u00faa en el \u00e1rea de las percepciones espirituales, armonizando nuestro cuerpo energ\u00e9tico y accediendo de este modo a la regulaci\u00f3n del \u00e1rea f\u00edsica que necesite ser reconstituida. La aromaterapia act\u00faa sobre los planos sutiles por ello ayuda a la meditaci\u00f3n, visualizaciones, concentraci\u00f3n y a todas aquellas t\u00e9cnicas destinadas a buscar el equilibrio y armon\u00eda interior.<\/p>\n[\/vc_column_text][\/toggle][toggle color=&#8221;Default&#8221; title=&#8221;Cromoterapia&#8221;][vc_column_text]\n<p style=\"text-align: center;\">La cromoterapia se aplica bien sea a trav\u00e9s de luz coloreada sobre la persona o sobre la piel de la zona enferma, bien sea situando a la persona en una habitaci\u00f3n o entorno en el que un color sea dominante.<\/p>\n[\/vc_column_text][\/toggle][toggle color=&#8221;Default&#8221; title=&#8221;Hidroterapia&#8221;][vc_column_text]La hidroterapia es la parte de la terap\u00e9utica f\u00edsica que tiene como objetivo el empleo del agua como agente terap\u00e9utico en cualquier estado f\u00edsico o temperatura, utilizando sus caracter\u00edsticas qu\u00edmicas, mec\u00e1nicas y t\u00e9rmicas, contribuyendo al alivio y curaci\u00f3n de diversas enfermedades. Etimol\u00f3gicamente encontramos el origen de la palabra en los t\u00e9rminos griegos &#8220;Hydor&#8221; que significa agua y &#8220;Therapeia&#8221; que significa terapia. Puede contribuir a la curaci\u00f3n de las enfermedades m\u00e1s diversas, pr\u00e1cticamente todas, a trav\u00e9s de la presi\u00f3n ejercida sobre el cuerpo, de los ba\u00f1os simples o con la adici\u00f3n de determinados productos, del efecto de propulsi\u00f3n de arriba hacia abajo y de acciones localizadas. Y ello porque act\u00faan sobre el metabolismo, el sistema nervioso y la circulaci\u00f3n sangu\u00ednea. Las aplicaciones de agua fr\u00eda, que se hacen generalmente sobre un cuerpo que se haya calentado previamente y en un ambiente tambi\u00e9n calefaccionado estimula el metabolismo y la producci\u00f3n activa de calor. Tambi\u00e9n se efect\u00faan de agua caliente, siendo estas m\u00e1s recomendadas cuando se deben efectuar sobre una persona debilitada, con el cuerpo fr\u00edo o deprimido, estos ba\u00f1os relajan y disminuyen la presi\u00f3n arterial.[\/vc_column_text][\/toggle][\/toggles][\/vc_column][\/vc_row]\n","protected":false},"excerpt":{"rendered":"<p>[vc_row type=&#8221;full_width_content&#8221; full_screen_row_position=&#8221;middle&#8221; equal_height=&#8221;yes&#8221; content_placement=&#8221;middle&#8221; bg_image=&#8221;6228&#8243; bg_position=&#8221;right bottom&#8221; bg_repeat=&#8221;no-repeat&#8221; scene_position=&#8221;center&#8221; text_color=&#8221;light&#8221; text_align=&#8221;left&#8221; color_overlay=&#8221;#141414&#8243; overlay_strength=&#8221;0.5&#8243; shape_divider_position=&#8221;bottom&#8221; bg_image_animation=&#8221;none&#8221; shape_type=&#8221;&#8221;][vc_column centered_text=&#8221;true&#8221; column_padding=&#8221;padding-2-percent&#8221; column_padding_position=&#8221;all&#8221; background_color_opacity=&#8221;0.6&#8243; background_hover_color_opacity=&#8221;0.6&#8243; column_link_target=&#8221;_self&#8221; column_shadow=&#8221;none&#8221; column_border_radius=&#8221;none&#8221; width=&#8221;1\/1&#8243; tablet_width_inherit=&#8221;default&#8221; tablet_text_alignment=&#8221;default&#8221; phone_text_alignment=&#8221;default&#8221; column_border_width=&#8221;none&#8221;&#8230;<\/p>\n","protected":false},"author":1,"featured_media":0,"parent":0,"menu_order":0,"comment_status":"closed","ping_status":"closed","template":"","meta":{"footnotes":""},"class_list":["post-6432","page","type-page","status-publish"],"yoast_head":"<!-- This site is optimized with the Yoast SEO plugin v27.5 - https:\/\/yoast.com\/product\/yoast-seo-wordpress\/ -->\n<title>Tratamientos - Mandira Spa<\/title>\n<meta name=\"robots\" content=\"index, follow, max-snippet:-1, max-image-preview:large, max-video-preview:-1\" \/>\n<link rel=\"canonical\" href=\"https:\/\/mandira-spa.com\/Home\/tratamientos\/\" \/>\n<meta property=\"og:locale\" content=\"es_MX\" \/>\n<meta property=\"og:type\" content=\"article\" \/>\n<meta property=\"og:title\" content=\"Tratamientos - Mandira Spa\" \/>\n<meta property=\"og:description\" content=\"[vc_row type=&#8221;full_width_content&#8221; full_screen_row_position=&#8221;middle&#8221; equal_height=&#8221;yes&#8221; content_placement=&#8221;middle&#8221; bg_image=&#8221;6228&#8243; bg_position=&#8221;right bottom&#8221; bg_repeat=&#8221;no-repeat&#8221; scene_position=&#8221;center&#8221; text_color=&#8221;light&#8221; text_align=&#8221;left&#8221; color_overlay=&#8221;#141414&#8243; overlay_strength=&#8221;0.5&#8243; shape_divider_position=&#8221;bottom&#8221; bg_image_animation=&#8221;none&#8221; shape_type=&#8221;&#8221;][vc_column centered_text=&#8221;true&#8221; column_padding=&#8221;padding-2-percent&#8221; column_padding_position=&#8221;all&#8221; background_color_opacity=&#8221;0.6&#8243; background_hover_color_opacity=&#8221;0.6&#8243; column_link_target=&#8221;_self&#8221; column_shadow=&#8221;none&#8221; column_border_radius=&#8221;none&#8221; width=&#8221;1\/1&#8243; tablet_width_inherit=&#8221;default&#8221; tablet_text_alignment=&#8221;default&#8221; phone_text_alignment=&#8221;default&#8221; column_border_width=&#8221;none&#8221;...\" \/>\n<meta property=\"og:url\" content=\"https:\/\/mandira-spa.com\/Home\/tratamientos\/\" \/>\n<meta property=\"og:site_name\" content=\"Mandira Spa\" \/>\n<meta property=\"article:publisher\" content=\"https:\/\/www.facebook.com\/MandiraSpa1\/\" \/>\n<meta property=\"article:modified_time\" content=\"2018-12-26T20:20:51+00:00\" \/>\n<meta property=\"og:image\" content=\"https:\/\/mandira-spa.com\/Home\/wp-content\/uploads\/2017\/10\/shutterstock_128560190.jpg\" \/>\n\t<meta property=\"og:image:width\" content=\"1083\" \/>\n\t<meta property=\"og:image:height\" content=\"812\" \/>\n\t<meta property=\"og:image:type\" content=\"image\/jpeg\" \/>\n<meta name=\"twitter:card\" content=\"summary_large_image\" \/>\n<meta name=\"twitter:site\" content=\"@MandiraSpa\" \/>\n<meta name=\"twitter:label1\" content=\"Tiempo de lectura\" \/>\n\t<meta name=\"twitter:data1\" content=\"6 minutos\" \/>\n<script type=\"application\/ld+json\" class=\"yoast-schema-graph\">{\"@context\":\"https:\\\/\\\/schema.org\",\"@graph\":[{\"@type\":\"WebPage\",\"@id\":\"https:\\\/\\\/mandira-spa.com\\\/Home\\\/tratamientos\\\/\",\"url\":\"https:\\\/\\\/mandira-spa.com\\\/Home\\\/tratamientos\\\/\",\"name\":\"Tratamientos - Mandira Spa\",\"isPartOf\":{\"@id\":\"https:\\\/\\\/mandira-spa.com\\\/Home\\\/#website\"},\"datePublished\":\"2017-03-21T03:49:39+00:00\",\"dateModified\":\"2018-12-26T20:20:51+00:00\",\"breadcrumb\":{\"@id\":\"https:\\\/\\\/mandira-spa.com\\\/Home\\\/tratamientos\\\/#breadcrumb\"},\"inLanguage\":\"es\",\"potentialAction\":[{\"@type\":\"ReadAction\",\"target\":[\"https:\\\/\\\/mandira-spa.com\\\/Home\\\/tratamientos\\\/\"]}]},{\"@type\":\"BreadcrumbList\",\"@id\":\"https:\\\/\\\/mandira-spa.com\\\/Home\\\/tratamientos\\\/#breadcrumb\",\"itemListElement\":[{\"@type\":\"ListItem\",\"position\":1,\"name\":\"Inicio\",\"item\":\"https:\\\/\\\/mandira-spa.com\\\/Home\\\/\"},{\"@type\":\"ListItem\",\"position\":2,\"name\":\"Tratamientos\"}]},{\"@type\":\"WebSite\",\"@id\":\"https:\\\/\\\/mandira-spa.com\\\/Home\\\/#website\",\"url\":\"https:\\\/\\\/mandira-spa.com\\\/Home\\\/\",\"name\":\"Mandira Spa\",\"description\":\"Abre la puerta al equilibro, descubre tus sentidos.\",\"publisher\":{\"@id\":\"https:\\\/\\\/mandira-spa.com\\\/Home\\\/#organization\"},\"potentialAction\":[{\"@type\":\"SearchAction\",\"target\":{\"@type\":\"EntryPoint\",\"urlTemplate\":\"https:\\\/\\\/mandira-spa.com\\\/Home\\\/?s={search_term_string}\"},\"query-input\":{\"@type\":\"PropertyValueSpecification\",\"valueRequired\":true,\"valueName\":\"search_term_string\"}}],\"inLanguage\":\"es\"},{\"@type\":\"Organization\",\"@id\":\"https:\\\/\\\/mandira-spa.com\\\/Home\\\/#organization\",\"name\":\"Mandira Spa\",\"url\":\"https:\\\/\\\/mandira-spa.com\\\/Home\\\/\",\"logo\":{\"@type\":\"ImageObject\",\"inLanguage\":\"es\",\"@id\":\"https:\\\/\\\/mandira-spa.com\\\/Home\\\/#\\\/schema\\\/logo\\\/image\\\/\",\"url\":\"https:\\\/\\\/mandira-spa.com\\\/Home\\\/wp-content\\\/uploads\\\/2017\\\/04\\\/android-desktop.png\",\"contentUrl\":\"https:\\\/\\\/mandira-spa.com\\\/Home\\\/wp-content\\\/uploads\\\/2017\\\/04\\\/android-desktop.png\",\"width\":412,\"height\":353,\"caption\":\"Mandira Spa\"},\"image\":{\"@id\":\"https:\\\/\\\/mandira-spa.com\\\/Home\\\/#\\\/schema\\\/logo\\\/image\\\/\"},\"sameAs\":[\"https:\\\/\\\/www.facebook.com\\\/MandiraSpa1\\\/\",\"https:\\\/\\\/x.com\\\/MandiraSpa\",\"https:\\\/\\\/www.instagram.com\\\/mandiraspa\\\/\"]}]}<\/script>\n<!-- \/ Yoast SEO plugin. -->","yoast_head_json":{"title":"Tratamientos - Mandira Spa","robots":{"index":"index","follow":"follow","max-snippet":"max-snippet:-1","max-image-preview":"max-image-preview:large","max-video-preview":"max-video-preview:-1"},"canonical":"https:\/\/mandira-spa.com\/Home\/tratamientos\/","og_locale":"es_MX","og_type":"article","og_title":"Tratamientos - Mandira Spa","og_description":"[vc_row type=&#8221;full_width_content&#8221; full_screen_row_position=&#8221;middle&#8221; equal_height=&#8221;yes&#8221; content_placement=&#8221;middle&#8221; bg_image=&#8221;6228&#8243; bg_position=&#8221;right bottom&#8221; bg_repeat=&#8221;no-repeat&#8221; scene_position=&#8221;center&#8221; text_color=&#8221;light&#8221; text_align=&#8221;left&#8221; color_overlay=&#8221;#141414&#8243; overlay_strength=&#8221;0.5&#8243; shape_divider_position=&#8221;bottom&#8221; bg_image_animation=&#8221;none&#8221; shape_type=&#8221;&#8221;][vc_column centered_text=&#8221;true&#8221; column_padding=&#8221;padding-2-percent&#8221; column_padding_position=&#8221;all&#8221; background_color_opacity=&#8221;0.6&#8243; background_hover_color_opacity=&#8221;0.6&#8243; column_link_target=&#8221;_self&#8221; column_shadow=&#8221;none&#8221; column_border_radius=&#8221;none&#8221; width=&#8221;1\/1&#8243; tablet_width_inherit=&#8221;default&#8221; tablet_text_alignment=&#8221;default&#8221; phone_text_alignment=&#8221;default&#8221; column_border_width=&#8221;none&#8221;...","og_url":"https:\/\/mandira-spa.com\/Home\/tratamientos\/","og_site_name":"Mandira Spa","article_publisher":"https:\/\/www.facebook.com\/MandiraSpa1\/","article_modified_time":"2018-12-26T20:20:51+00:00","og_image":[{"width":1083,"height":812,"url":"https:\/\/mandira-spa.com\/Home\/wp-content\/uploads\/2017\/10\/shutterstock_128560190.jpg","type":"image\/jpeg"}],"twitter_card":"summary_large_image","twitter_site":"@MandiraSpa","twitter_misc":{"Tiempo de lectura":"6 minutos"},"schema":{"@context":"https:\/\/schema.org","@graph":[{"@type":"WebPage","@id":"https:\/\/mandira-spa.com\/Home\/tratamientos\/","url":"https:\/\/mandira-spa.com\/Home\/tratamientos\/","name":"Tratamientos - Mandira Spa","isPartOf":{"@id":"https:\/\/mandira-spa.com\/Home\/#website"},"datePublished":"2017-03-21T03:49:39+00:00","dateModified":"2018-12-26T20:20:51+00:00","breadcrumb":{"@id":"https:\/\/mandira-spa.com\/Home\/tratamientos\/#breadcrumb"},"inLanguage":"es","potentialAction":[{"@type":"ReadAction","target":["https:\/\/mandira-spa.com\/Home\/tratamientos\/"]}]},{"@type":"BreadcrumbList","@id":"https:\/\/mandira-spa.com\/Home\/tratamientos\/#breadcrumb","itemListElement":[{"@type":"ListItem","position":1,"name":"Inicio","item":"https:\/\/mandira-spa.com\/Home\/"},{"@type":"ListItem","position":2,"name":"Tratamientos"}]},{"@type":"WebSite","@id":"https:\/\/mandira-spa.com\/Home\/#website","url":"https:\/\/mandira-spa.com\/Home\/","name":"Mandira Spa","description":"Abre la puerta al equilibro, descubre tus sentidos.","publisher":{"@id":"https:\/\/mandira-spa.com\/Home\/#organization"},"potentialAction":[{"@type":"SearchAction","target":{"@type":"EntryPoint","urlTemplate":"https:\/\/mandira-spa.com\/Home\/?s={search_term_string}"},"query-input":{"@type":"PropertyValueSpecification","valueRequired":true,"valueName":"search_term_string"}}],"inLanguage":"es"},{"@type":"Organization","@id":"https:\/\/mandira-spa.com\/Home\/#organization","name":"Mandira Spa","url":"https:\/\/mandira-spa.com\/Home\/","logo":{"@type":"ImageObject","inLanguage":"es","@id":"https:\/\/mandira-spa.com\/Home\/#\/schema\/logo\/image\/","url":"https:\/\/mandira-spa.com\/Home\/wp-content\/uploads\/2017\/04\/android-desktop.png","contentUrl":"https:\/\/mandira-spa.com\/Home\/wp-content\/uploads\/2017\/04\/android-desktop.png","width":412,"height":353,"caption":"Mandira Spa"},"image":{"@id":"https:\/\/mandira-spa.com\/Home\/#\/schema\/logo\/image\/"},"sameAs":["https:\/\/www.facebook.com\/MandiraSpa1\/","https:\/\/x.com\/MandiraSpa","https:\/\/www.instagram.com\/mandiraspa\/"]}]}},"_links":{"self":[{"href":"https:\/\/mandira-spa.com\/Home\/wp-json\/wp\/v2\/pages\/6432","targetHints":{"allow":["GET"]}}],"collection":[{"href":"https:\/\/mandira-spa.com\/Home\/wp-json\/wp\/v2\/pages"}],"about":[{"href":"https:\/\/mandira-spa.com\/Home\/wp-json\/wp\/v2\/types\/page"}],"author":[{"embeddable":true,"href":"https:\/\/mandira-spa.com\/Home\/wp-json\/wp\/v2\/users\/1"}],"replies":[{"embeddable":true,"href":"https:\/\/mandira-spa.com\/Home\/wp-json\/wp\/v2\/comments?post=6432"}],"version-history":[{"count":46,"href":"https:\/\/mandira-spa.com\/Home\/wp-json\/wp\/v2\/pages\/6432\/revisions"}],"predecessor-version":[{"id":7721,"href":"https:\/\/mandira-spa.com\/Home\/wp-json\/wp\/v2\/pages\/6432\/revisions\/7721"}],"wp:attachment":[{"href":"https:\/\/mandira-spa.com\/Home\/wp-json\/wp\/v2\/media?parent=6432"}],"curies":[{"name":"wp","href":"https:\/\/api.w.org\/{rel}","templated":true}]}}